{"id":24,"date":"2013-11-15T08:10:48","date_gmt":"2013-11-15T08:10:48","guid":{"rendered":"http:\/\/www.zvalguva.lt\/?page_id=24"},"modified":"2022-03-28T07:34:55","modified_gmt":"2022-03-28T05:34:55","slug":"augalu-prieziuros-priemones","status":"publish","type":"page","link":"https:\/\/www.zvalguva.lt\/lt\/produktai\/augalu-prieziuros-priemones\/","title":{"rendered":"Augal\u0173 prie\u017ei\u016bros priemon\u0117s"},"content":{"rendered":"<p>\u201e\u017dvalguva\u201c skiria ypating\u0105 d\u0117mes\u012f augal\u0173 prie\u017ei\u016brai ir apsaugai, tod\u0117l m\u016bs\u0173 darbuotojai yra ne tik puik\u016bs specialistai agronomai, ta\u010diau ir patys turi sukaup\u0119 ilgamet\u0119 \u016bkininkavimo patirt\u012f. M\u016bs\u0173 specialistai visuomet suteiks konsultacijas J\u016bs\u0173 \u016bkyje, prekybos vietoje ar tiesiog susisiekus telefonu. Nor\u0117dami su\u017einoti daugiau informacijos, skambinkite arba ra\u0161ykite puslapio apa\u010dioje nurodytais kontaktais arba region\u0173 vadybininkams.<\/p>\n","protected":false},"excerpt":{"rendered":"<p>\u201e\u017dvalguva\u201c skiria ypating\u0105 d\u0117mes\u012f augal\u0173 prie\u017ei\u016brai ir apsaugai, tod\u0117l m\u016bs\u0173 darbuotojai yra ne tik puik\u016bs specialistai agronomai, ta\u010diau ir patys turi sukaup\u0119 ilgamet\u0119 \u016bkininkavimo patirt\u012f. M\u016bs\u0173 specialistai visuomet suteiks konsultacijas J\u016bs\u0173 \u016bkyje, prekybos vietoje ar tiesiog susisiekus telefonu. Nor\u0117dami su\u017einoti &hellip; <a href=\"https:\/\/www.zvalguva.lt\/lt\/produktai\/augalu-prieziuros-priemones\/\">Continued<\/a><\/p>\n","protected":false},"author":1,"featured_media":0,"parent":14,"menu_order":0,"comment_status":"open","ping_status":"open","template":"page-produktai.php","meta":{"footnotes":""},"_links":{"self":[{"href":"https:\/\/www.zvalguva.lt\/lt\/wp-json\/wp\/v2\/pages\/24"}],"collection":[{"href":"https:\/\/www.zvalguva.lt\/lt\/wp-json\/wp\/v2\/pages"}],"about":[{"href":"https:\/\/www.zvalguva.lt\/lt\/wp-json\/wp\/v2\/types\/page"}],"author":[{"embeddable":true,"href":"https:\/\/www.zvalguva.lt\/lt\/wp-json\/wp\/v2\/users\/1"}],"replies":[{"embeddable":true,"href":"https:\/\/www.zvalguva.lt\/lt\/wp-json\/wp\/v2\/comments?post=24"}],"version-history":[{"count":16,"href":"https:\/\/www.zvalguva.lt\/lt\/wp-json\/wp\/v2\/pages\/24\/revisions"}],"predecessor-version":[{"id":702,"href":"https:\/\/www.zvalguva.lt\/lt\/wp-json\/wp\/v2\/pages\/24\/revisions\/702"}],"up":[{"embeddable":true,"href":"https:\/\/www.zvalguva.lt\/lt\/wp-json\/wp\/v2\/pages\/14"}],"wp:attachment":[{"href":"https:\/\/www.zvalguva.lt\/lt\/wp-json\/wp\/v2\/media?parent=24"}],"curies":[{"name":"wp","href":"https:\/\/api.w.org\/{rel}","templated":true}]}}