{"id":261,"date":"2014-01-27T10:53:25","date_gmt":"2014-01-27T10:53:25","guid":{"rendered":"http:\/\/www.zvalguva.lt\/?page_id=261"},"modified":"2015-12-26T12:54:42","modified_gmt":"2015-12-26T12:54:42","slug":"bendrieji-kontaktai-lv","status":"publish","type":"page","link":"https:\/\/www.zvalguva.lt\/lt\/bendrieji-kontaktai-lv\/","title":{"rendered":"Bendrieji kontaktai lv"},"content":{"rendered":"<div class=\"h-contact-title\">SUNTA\u017dI<\/div>\n<h3>Filialas<\/h3>\n<p>\nAdresas: : Kl\u0113tis, Sunta\u017eu pag., Ogres raj.\n<\/p>\n<h3>Vadybininkai<\/h3>\n<p>\n<strong>Andrejs Valters<\/strong><\/p>\n<p>Telefonai: +370 616 33196, <br \/>+371 29181497<\/p>\n<p>el. pa\u0161tas: <a href=\"mailto:a.valters@zvalguva.lt\">a.valters@zvalguva.lt<\/a><\/p>\n<h3>Elevatorius<\/h3>\n<p>\nAdresas: Kl\u0113tis, Sunta\u017eu pag., Ogres raj.<\/p>\n<p><strong>Liene Linde<\/strong><\/p>\n<p>Laboratorija<\/p>\n<p>Tel.: +370 616 03282, +371 22 441065<\/p>\n<p>el.pa\u0161tas: <a href=\"mailto:suntazi@zvalguva.lt\">suntazi@zvalguva.lt<\/a><\/p>\n","protected":false},"excerpt":{"rendered":"<p>SUNTA\u017dI Filialas Adresas: : Kl\u0113tis, Sunta\u017eu pag., Ogres raj. Vadybininkai Andrejs Valters Telefonai: +370 616 33196, +371 29181497 el. pa\u0161tas: a.valters@zvalguva.lt Elevatorius Adresas: Kl\u0113tis, Sunta\u017eu pag., Ogres raj. Liene Linde Laboratorija Tel.: +370 616 03282, +371 22 441065 el.pa\u0161tas: suntazi@zvalguva.lt<\/p>\n","protected":false},"author":1,"featured_media":0,"parent":0,"menu_order":0,"comment_status":"open","ping_status":"open","template":"","meta":{"footnotes":""},"_links":{"self":[{"href":"https:\/\/www.zvalguva.lt\/lt\/wp-json\/wp\/v2\/pages\/261"}],"collection":[{"href":"https:\/\/www.zvalguva.lt\/lt\/wp-json\/wp\/v2\/pages"}],"about":[{"href":"https:\/\/www.zvalguva.lt\/lt\/wp-json\/wp\/v2\/types\/page"}],"author":[{"embeddable":true,"href":"https:\/\/www.zvalguva.lt\/lt\/wp-json\/wp\/v2\/users\/1"}],"replies":[{"embeddable":true,"href":"https:\/\/www.zvalguva.lt\/lt\/wp-json\/wp\/v2\/comments?post=261"}],"version-history":[{"count":31,"href":"https:\/\/www.zvalguva.lt\/lt\/wp-json\/wp\/v2\/pages\/261\/revisions"}],"predecessor-version":[{"id":707,"href":"https:\/\/www.zvalguva.lt\/lt\/wp-json\/wp\/v2\/pages\/261\/revisions\/707"}],"wp:attachment":[{"href":"https:\/\/www.zvalguva.lt\/lt\/wp-json\/wp\/v2\/media?parent=261"}],"curies":[{"name":"wp","href":"https:\/\/api.w.org\/{rel}","templated":true}]}}