{"id":86,"date":"2013-12-11T09:20:01","date_gmt":"2013-12-10T11:59:02","guid":{"rendered":"http:\/\/www.zvalguva.lt\/apie-mus\/istorija-2\/"},"modified":"2026-05-06T10:11:45","modified_gmt":"2026-05-06T08:11:45","slug":"filialai","status":"publish","type":"page","link":"https:\/\/www.zvalguva.lt\/lt\/kontaktai\/filialai\/","title":{"rendered":"Filialai"},"content":{"rendered":"<hr \/>\n<table style=\"width: 100%;\">\n<tbody>\n<tr>\n<td style=\"width: 33%; vertical-align: top;\">\n<h3><strong>Gustoni\u0173 filialas<\/strong><\/h3>\n<p>Adresas:\u00a0Gustoni\u0173 km., Panev\u0117\u017eio raj.<\/p>\n<p><strong>Vadybininkai:<\/strong><\/p>\n<p style=\"font-weight: 400;\"><strong>Paulius Bartulis (Kupi\u0161kis)<\/strong><\/p>\n<p style=\"font-weight: 400;\">(Dirba: Anyk\u0161\u010di\u0173, Kupi\u0161kio raj.)<br \/>\nTelefonas: +370\u00a0695 76495<br \/>\nel. pa\u0161tas: <a href=\"mailto:p.bartulis@zvalguva.lt\" target=\"_blank\" rel=\"noopener\">p.bartulis@zvalguva.lt<\/a><\/p>\n<\/td>\n<td style=\"width: 33%; vertical-align: top;\">\n<h3><strong>Joni\u0161kio filialas<\/strong><\/h3>\n<p>Adresas: Vilniaus g. 76,\u00a0Joni\u0161kis.<br \/>\n<!--Tel.:\u00a0+370 42 660 160 \/--><\/p>\n<p><strong>Vadybininkai:<\/strong><\/p>\n<p><strong>Antanas Kalnas<\/strong><br \/>\n(Dirba: Joni\u0161kio raj.)<br \/>\nTel.: +370 662 14119<br \/>\nel. pa\u0161tas: <a href=\"mailto:a.kalnas@zvalguva.lt\" target=\"_blank\" rel=\"noopener noreferrer\">a.kalnas@zvalguva.lt<\/a><\/p>\n<p><strong>Karolina Soskovait\u0117<\/strong><br \/>\n(Dirba: Joni\u0161kio raj.)<br \/>\nTel.: +370 620 34984<br \/>\nel. pa\u0161tas: <a href=\"mailto:k.soskovaite@zvalguva.lt\" target=\"_blank\" rel=\"noopener noreferrer\">k.soskovaite@zvalguva.lt<\/a><br \/>\n<!--\n<strong>Antanas Mila\u0161ius<\/strong>\n(Dirba: Joni\u0161kio, Pakruojo raj.)\nTel.:&nbsp;+370 682 20 347\nel. pa\u0161tas: <a href=\"mailto:a.milasius@zvalguva.lt\" target=\"_blank\" rel=\"noopener noreferrer\">a.milasius@zvalguva.lt<\/a>\n\/--><\/p>\n<p style=\"font-weight: 400;\">\nParduotuv\u0117:<br \/>\n<strong>Regina Valuckien\u0117<\/strong><br \/>\nTel.:\u00a0+370 610 24 808<br \/>\nel. pa\u0161tas: <a href=\"mailto:r.valuckiene@zvalguva.lt\" target=\"_blank\" rel=\"noopener noreferrer\">r.valuckiene@zvalguva.lt<\/a><\/td>\n<td style=\"width: 33%; vertical-align: top;\">\n<h3><strong>K\u0117daini\u0173 filialas<\/strong><\/h3>\n<p>Adresas:\u00a0Biochemik\u0173 g. 4C,\u00a0K\u0117dainiai.<\/p>\n<p><strong>Vadybininkai:<\/strong><\/p>\n<p><strong>Au\u0161ra Stasionien\u0117<\/strong><br \/>\n(Dirba: K\u0117daini\u0173 raj.)<br \/>\nTel.: +370\u00a0619 75809<br \/>\nel. pa\u0161tas: <a href=\"mailto:a.stasioniene@zvalguva.lt\" target=\"_blank\" rel=\"noopener noreferrer\">a.stasioniene@zvalguva.lt<\/a><\/p>\n<p>&nbsp;<\/td>\n<\/tr>\n<tr>\n<td style=\"width: 33%; vertical-align: top;\">\n<h3><strong>Kelm\u0117s filialas<\/strong><\/h3>\n<p>Adresas: Vytauto Did\u017eiojo g. 84F,\u00a0Kelm\u0117.<br \/>\n<!-- Tel.:\u00a0+370 42 768 387 \/--><\/p>\n<p><!--<strong>Vadybininkai:<\/strong>\/--><br \/>\n<strong>Danut\u0117 Nutautien\u0117<\/strong><br \/>\nTel.: +370 616 88 614<br \/>\nel. pa\u0161tas: <a href=\"mailto:d.nutautiene@zvalguva.lt\" target=\"_blank\" rel=\"noopener noreferrer\">d.nutautiene@zvalguva.lt<\/a>\n<\/td>\n<td style=\"width: 33%; vertical-align: top;\">\n<h3><strong>\u0160iauli\u0173 filialas<\/strong><\/h3>\n<p>Adresas:\u00a0Metalist\u0173 g. 6, \u0160iauliai.<br \/>\n<!--Tel.:\u00a0+370 41 540 219,\nel.pa\u0161tas: el. pa\u0161tas: <a href=\"mailto:info@zvalguva.lt\">info@zvalguva.lt<\/a> \/--><\/p>\n<p><strong>Vadybininkai:<\/strong><\/p>\n<p><strong>Jurgis Vali\u016bnas<\/strong><br \/>\n(Dirba: \u0160iauli\u0173 raj.)<br \/>\nTel.:\u00a0+370 688 23 655<br \/>\nel. pa\u0161tas: <a href=\"mailto:j.valiunas@zvalguva.lt\" target=\"_blank\" rel=\"noopener noreferrer\">j.valiunas@zvalguva.lt<\/a><\/p>\n<p><strong>Raimonda Janavi\u010d\u0117<\/strong><br \/>\n(Dirba: \u0160iauli\u0173 raj. ir Radvili\u0161kio raj.)<br \/>\nTel.:\u00a0+370 665 71 901<br \/>\nel. pa\u0161tas: <a href=\"mailto:r.janavice@zvalguva.lt\" target=\"_blank\" rel=\"noopener noreferrer\">r.janavice@zvalguva.lt<\/a><\/p>\n<p><strong>Dalia Latonien\u0117<\/strong><br \/>\n(Dirba: Pakruojo raj.)<br \/>\nTel.:\u00a0+370 614 67 542<br \/>\nel. pa\u0161tas: <a href=\"mailto:t.dalia.latoniene@zvalguva.lt\" target=\"_blank\" rel=\"noopener noreferrer\">dalia.latoniene@zvalguva.lt<\/a><\/p>\n<p>Parduotuv\u0117:<br \/>\n<strong>Arvydas Zinkevi\u010dius<\/strong><br \/>\nTel.:\u00a0+370 698 03 587<br \/>\nel. pa\u0161tas: <a href=\"mailto:arvydas@zvalguva.lt\" target=\"_blank\" rel=\"noopener noreferrer\">arvydas@zvalguva.lt<\/a>\n<\/td>\n<h3><strong>\u0160eduvos filialas<\/strong><\/h3>\n<p>Adresas: Baltosios g. 10, Prastavoni\u0173 k.<br \/>\nRadvili\u0161kio raj.<br \/>\n<strong>Vadybininkai:<\/strong><\/p>\n<p><strong>Giedrius Luk\u0161is<\/strong><br \/>\n(Dirba: Radvili\u0161ko raj.)<br \/>\nTel.:\u00a0+370 614 56 712,<br \/>\nel.pa\u0161tas: <a href=\"mailto:g.luksis@zvalguva.lt\">g.luksis@zvalguva.lt<\/a><\/p>\n<h3><strong>Suvalkijos filialas<\/strong><\/h3>\n<p style=\"font-weight: 400;\">Adresas: P.Armino g. 65, LT- 68127 Marijampol\u0117<\/p>\n<p><strong>Vadybininkai:<\/strong><\/p>\n<p><strong>Donatas Kum\u0161taitis<\/strong><br \/>\n(Dirba: \u0160aki\u0173, Vilkavi\u0161kio, Marijampol\u0117s raj.)<br \/>\nTel.:\u00a0+370 610 27 820<br \/>\nel. pa\u0161tas: <a href=\"mailto:d.kumstaitis@zvalguva.lt\" target=\"_blank\" rel=\"noopener noreferrer\">d.kumstaitis@zvalguva.lt<\/a><\/p>\n<p><strong>Dalia Langien\u0117<\/strong><br \/>\n<u><\/u><u><\/u>(Dirba: \u0160aki\u0173, Vilkavi\u0161kio, Marijampol\u0117s raj.)<br \/>\nTel.: +370\u00a0616 06138<br \/>\nel. pa\u0161tas: <a href=\"mailto:d.langiene@zvalguva.lt\" target=\"_blank\" rel=\"noopener noreferrer\">d.langiene@zvalguva.lt<\/a><\/p>\n<\/td>\n<\/tr>\n<tr>\n<td style=\"width: 33%; vertical-align: top;\"><\/td>\n<td style=\"width: 33%; vertical-align: top;\"><\/td>\n<td><\/td>\n<\/tr>\n<tr>\n<td style=\"width: 33%; vertical-align: top;\">\n","protected":false},"excerpt":{"rendered":"<p>Gustoni\u0173 filialas Adresas:\u00a0Gustoni\u0173 km., Panev\u0117\u017eio raj. Vadybininkai: Paulius Bartulis (Kupi\u0161kis) (Dirba: Anyk\u0161\u010di\u0173, Kupi\u0161kio raj.) Telefonas: +370\u00a0695 76495 el. pa\u0161tas: p.bartulis@zvalguva.lt Joni\u0161kio filialas Adresas: Vilniaus g. 76,\u00a0Joni\u0161kis. Vadybininkai: Antanas Kalnas (Dirba: Joni\u0161kio raj.) Tel.: +370 662 14119 el. pa\u0161tas: a.kalnas@zvalguva.lt Karolina &hellip; <a href=\"https:\/\/www.zvalguva.lt\/lt\/kontaktai\/filialai\/\">Continued<\/a><\/p>\n","protected":false},"author":1,"featured_media":0,"parent":37,"menu_order":2,"comment_status":"open","ping_status":"open","template":"page-about-us.php","meta":{"footnotes":""},"_links":{"self":[{"href":"https:\/\/www.zvalguva.lt\/lt\/wp-json\/wp\/v2\/pages\/86"}],"collection":[{"href":"https:\/\/www.zvalguva.lt\/lt\/wp-json\/wp\/v2\/pages"}],"about":[{"href":"https:\/\/www.zvalguva.lt\/lt\/wp-json\/wp\/v2\/types\/page"}],"author":[{"embeddable":true,"href":"https:\/\/www.zvalguva.lt\/lt\/wp-json\/wp\/v2\/users\/1"}],"replies":[{"embeddable":true,"href":"https:\/\/www.zvalguva.lt\/lt\/wp-json\/wp\/v2\/comments?post=86"}],"version-history":[{"count":190,"href":"https:\/\/www.zvalguva.lt\/lt\/wp-json\/wp\/v2\/pages\/86\/revisions"}],"predecessor-version":[{"id":4738,"href":"https:\/\/www.zvalguva.lt\/lt\/wp-json\/wp\/v2\/pages\/86\/revisions\/4738"}],"up":[{"embeddable":true,"href":"https:\/\/www.zvalguva.lt\/lt\/wp-json\/wp\/v2\/pages\/37"}],"wp:attachment":[{"href":"https:\/\/www.zvalguva.lt\/lt\/wp-json\/wp\/v2\/media?parent=86"}],"curies":[{"name":"wp","href":"https:\/\/api.w.org\/{rel}","templated":true}]}}